{"id":144,"date":"2024-11-18T11:06:04","date_gmt":"2024-11-18T10:06:04","guid":{"rendered":"https:\/\/thegalleryofthings.com\/?page_id=144"},"modified":"2025-03-19T07:31:59","modified_gmt":"2025-03-19T06:31:59","slug":"impressum","status":"publish","type":"page","link":"https:\/\/thegalleryofthings.com\/de\/impressum\/","title":{"rendered":"Impressum"},"content":{"rendered":"<p>Alexandra Mann<br>The Gallery of Things<br>Potsdamer Str. 52-54\/Ecke Teltower Damm 2<br>14163 Berlin<\/p>\n\n\n\n<h2 class=\"wp-block-heading\">Kontakt<\/h2>\n\n\n\n<p>Telefon: +49 151 61026532<br>E-Mail: alexandra.mann@thegalleryofthings.com<\/p>\n\n\n\n<h2 class=\"wp-block-heading\">Umsatzsteuer-ID<\/h2>\n\n\n\n<p>Umsatzsteuer-Identifikationsnummer gem\u00e4\u00df \u00a7 27 a Umsatzsteuergesetz:<br>DE410353825<\/p>\n\n\n\n<h2 class=\"wp-block-heading\">Redaktionell verantwortlich<\/h2>\n\n\n\n<p>Alexandra Mann<\/p>\n\n\n\n<h2 class=\"wp-block-heading\">EU-Streitschlichtung<\/h2>\n\n\n\n<p>Die Europ\u00e4ische Kommission stellt eine Plattform zur Online-Streitbeilegung (OS) bereit: <a href=\"https:\/\/ec.europa.eu\/consumers\/odr\/\" target=\"_blank\" rel=\"noreferrer noopener\">https:\/\/ec.europa.eu\/consumers\/odr\/<\/a>.<br>Unsere E-Mail-Adresse finden Sie oben im Impressum.<\/p>\n\n\n\n<h2 class=\"wp-block-heading\">Verbraucherstreitbeilegung\/Universalschlichtungsstelle<\/h2>\n\n\n\n<p>Wir nehmen an einem Streitbeilegungsverfahren vor einer Verbraucherschlichtungsstelle teil. Zust\u00e4ndig ist die Universalschlichtungsstelle des Zentrums f\u00fcr Schlichtung e.V., Stra\u00dfburger Stra\u00dfe 8, 77694 Kehl am Rhein (<a href=\"https:\/\/www.verbraucher-schlichter.de\" rel=\"noreferrer noopener\" target=\"_blank\">https:\/\/www.verbraucher-schlichter.de<\/a>).<\/p>","protected":false},"excerpt":{"rendered":"<p>Alexandra MannThe Gallery of ThingsPotsdamer Str. 52-54\/Ecke Teltower Damm 214163 Berlin Kontakt Telefon: +49 151 61026532E-Mail: alexandra.mann@thegalleryofthings.com Umsatzsteuer-ID Umsatzsteuer-Identifikationsnummer gem\u00e4\u00df \u00a7 27 a Umsatzsteuergesetz:DE410353825 Redaktionell verantwortlich Alexandra Mann EU-Streitschlichtung Die Europ\u00e4ische Kommission stellt eine Plattform zur Online-Streitbeilegung (OS) bereit: https:\/\/ec.europa.eu\/consumers\/odr\/.Unsere E-Mail-Adresse finden Sie oben im Impressum. Verbraucher\u00adstreit\u00adbeilegung\/Universal\u00adschlichtungs\u00adstelle Wir nehmen an einem Streitbeilegungsverfahren vor einer Verbraucherschlichtungsstelle [&hellip;]<\/p>\n","protected":false},"author":2,"featured_media":0,"parent":0,"menu_order":0,"comment_status":"closed","ping_status":"closed","template":"","meta":{"_acf_changed":false,"footnotes":""},"class_list":["post-144","page","type-page","status-publish","hentry"],"acf":[],"yoast_head":"<!-- This site is optimized with the Yoast SEO plugin v27.2 - https:\/\/yoast.com\/product\/yoast-seo-wordpress\/ -->\n<title>Impressum - the gallery of things<\/title>\n<meta name=\"robots\" content=\"index, follow, max-snippet:-1, max-image-preview:large, max-video-preview:-1\" \/>\n<link rel=\"canonical\" href=\"https:\/\/thegalleryofthings.com\/de\/impressum\/\" \/>\n<meta property=\"og:locale\" content=\"de_DE\" \/>\n<meta property=\"og:type\" content=\"article\" \/>\n<meta property=\"og:title\" content=\"Impressum - the gallery of things\" \/>\n<meta property=\"og:description\" content=\"Alexandra MannThe Gallery of ThingsPotsdamer Str. 52-54\/Ecke Teltower Damm 214163 Berlin Kontakt Telefon: +49 151 61026532E-Mail: alexandra.mann@thegalleryofthings.com Umsatzsteuer-ID Umsatzsteuer-Identifikationsnummer gem\u00e4\u00df \u00a7 27 a Umsatzsteuergesetz:DE410353825 Redaktionell verantwortlich Alexandra Mann EU-Streitschlichtung Die Europ\u00e4ische Kommission stellt eine Plattform zur Online-Streitbeilegung (OS) bereit: https:\/\/ec.europa.eu\/consumers\/odr\/.Unsere E-Mail-Adresse finden Sie oben im Impressum. Verbraucher\u00adstreit\u00adbeilegung\/Universal\u00adschlichtungs\u00adstelle Wir nehmen an einem Streitbeilegungsverfahren vor einer Verbraucherschlichtungsstelle [&hellip;]\" \/>\n<meta property=\"og:url\" content=\"https:\/\/thegalleryofthings.com\/de\/impressum\/\" \/>\n<meta property=\"og:site_name\" content=\"the gallery of things\" \/>\n<meta property=\"article:modified_time\" content=\"2025-03-19T06:31:59+00:00\" \/>\n<meta name=\"twitter:card\" content=\"summary_large_image\" \/>\n<meta name=\"twitter:label1\" content=\"Gesch\u00e4tzte Lesezeit\" \/>\n\t<meta name=\"twitter:data1\" content=\"1\u00a0Minute\" \/>\n<script type=\"application\/ld+json\" class=\"yoast-schema-graph\">{\"@context\":\"https:\/\/schema.org\",\"@graph\":[{\"@type\":\"WebPage\",\"@id\":\"https:\/\/thegalleryofthings.com\/impressum\/\",\"url\":\"https:\/\/thegalleryofthings.com\/impressum\/\",\"name\":\"Impressum - the gallery of things\",\"isPartOf\":{\"@id\":\"https:\/\/thegalleryofthings.com\/#website\"},\"datePublished\":\"2024-11-18T10:06:04+00:00\",\"dateModified\":\"2025-03-19T06:31:59+00:00\",\"breadcrumb\":{\"@id\":\"https:\/\/thegalleryofthings.com\/impressum\/#breadcrumb\"},\"inLanguage\":\"de\",\"potentialAction\":[{\"@type\":\"ReadAction\",\"target\":[\"https:\/\/thegalleryofthings.com\/impressum\/\"]}]},{\"@type\":\"BreadcrumbList\",\"@id\":\"https:\/\/thegalleryofthings.com\/impressum\/#breadcrumb\",\"itemListElement\":[{\"@type\":\"ListItem\",\"position\":1,\"name\":\"Home\",\"item\":\"https:\/\/thegalleryofthings.com\/\"},{\"@type\":\"ListItem\",\"position\":2,\"name\":\"Impressum\"}]},{\"@type\":\"WebSite\",\"@id\":\"https:\/\/thegalleryofthings.com\/#website\",\"url\":\"https:\/\/thegalleryofthings.com\/\",\"name\":\"the gallery of things\",\"description\":\"\",\"potentialAction\":[{\"@type\":\"SearchAction\",\"target\":{\"@type\":\"EntryPoint\",\"urlTemplate\":\"https:\/\/thegalleryofthings.com\/?s={search_term_string}\"},\"query-input\":{\"@type\":\"PropertyValueSpecification\",\"valueRequired\":true,\"valueName\":\"search_term_string\"}}],\"inLanguage\":\"de\"}]}<\/script>\n<!-- \/ Yoast SEO plugin. -->","yoast_head_json":{"title":"Impressum - die Galerie der Dinge","robots":{"index":"index","follow":"follow","max-snippet":"max-snippet:-1","max-image-preview":"max-image-preview:large","max-video-preview":"max-video-preview:-1"},"canonical":"https:\/\/thegalleryofthings.com\/de\/impressum\/","og_locale":"de_DE","og_type":"article","og_title":"Impressum - the gallery of things","og_description":"Alexandra MannThe Gallery of ThingsPotsdamer Str. 52-54\/Ecke Teltower Damm 214163 Berlin Kontakt Telefon: +49 151 61026532E-Mail: alexandra.mann@thegalleryofthings.com Umsatzsteuer-ID Umsatzsteuer-Identifikationsnummer gem\u00e4\u00df \u00a7 27 a Umsatzsteuergesetz:DE410353825 Redaktionell verantwortlich Alexandra Mann EU-Streitschlichtung Die Europ\u00e4ische Kommission stellt eine Plattform zur Online-Streitbeilegung (OS) bereit: https:\/\/ec.europa.eu\/consumers\/odr\/.Unsere E-Mail-Adresse finden Sie oben im Impressum. Verbraucher\u00adstreit\u00adbeilegung\/Universal\u00adschlichtungs\u00adstelle Wir nehmen an einem Streitbeilegungsverfahren vor einer Verbraucherschlichtungsstelle [&hellip;]","og_url":"https:\/\/thegalleryofthings.com\/de\/impressum\/","og_site_name":"the gallery of things","article_modified_time":"2025-03-19T06:31:59+00:00","twitter_card":"summary_large_image","twitter_misc":{"Gesch\u00e4tzte Lesezeit":"1\u00a0Minute"},"schema":{"@context":"https:\/\/schema.org","@graph":[{"@type":"WebPage","@id":"https:\/\/thegalleryofthings.com\/impressum\/","url":"https:\/\/thegalleryofthings.com\/impressum\/","name":"Impressum - die Galerie der Dinge","isPartOf":{"@id":"https:\/\/thegalleryofthings.com\/#website"},"datePublished":"2024-11-18T10:06:04+00:00","dateModified":"2025-03-19T06:31:59+00:00","breadcrumb":{"@id":"https:\/\/thegalleryofthings.com\/impressum\/#breadcrumb"},"inLanguage":"de","potentialAction":[{"@type":"ReadAction","target":["https:\/\/thegalleryofthings.com\/impressum\/"]}]},{"@type":"BreadcrumbList","@id":"https:\/\/thegalleryofthings.com\/impressum\/#breadcrumb","itemListElement":[{"@type":"ListItem","position":1,"name":"Home","item":"https:\/\/thegalleryofthings.com\/"},{"@type":"ListItem","position":2,"name":"Impressum"}]},{"@type":"WebSite","@id":"https:\/\/thegalleryofthings.com\/#website","url":"https:\/\/thegalleryofthings.com\/","name":"die galerie der dinge","description":"","potentialAction":[{"@type":"SearchAction","target":{"@type":"EntryPoint","urlTemplate":"https:\/\/thegalleryofthings.com\/?s={search_term_string}"},"query-input":{"@type":"PropertyValueSpecification","valueRequired":true,"valueName":"search_term_string"}}],"inLanguage":"de"}]}},"_links":{"self":[{"href":"https:\/\/thegalleryofthings.com\/de\/wp-json\/wp\/v2\/pages\/144","targetHints":{"allow":["GET"]}}],"collection":[{"href":"https:\/\/thegalleryofthings.com\/de\/wp-json\/wp\/v2\/pages"}],"about":[{"href":"https:\/\/thegalleryofthings.com\/de\/wp-json\/wp\/v2\/types\/page"}],"author":[{"embeddable":true,"href":"https:\/\/thegalleryofthings.com\/de\/wp-json\/wp\/v2\/users\/2"}],"replies":[{"embeddable":true,"href":"https:\/\/thegalleryofthings.com\/de\/wp-json\/wp\/v2\/comments?post=144"}],"version-history":[{"count":3,"href":"https:\/\/thegalleryofthings.com\/de\/wp-json\/wp\/v2\/pages\/144\/revisions"}],"predecessor-version":[{"id":283,"href":"https:\/\/thegalleryofthings.com\/de\/wp-json\/wp\/v2\/pages\/144\/revisions\/283"}],"wp:attachment":[{"href":"https:\/\/thegalleryofthings.com\/de\/wp-json\/wp\/v2\/media?parent=144"}],"curies":[{"name":"wp","href":"https:\/\/api.w.org\/{rel}","templated":true}]}}